{"id":3730,"date":"2023-11-02T13:09:56","date_gmt":"2023-11-02T13:09:56","guid":{"rendered":"https:\/\/www.krone-eschental.de\/restaurant\/"},"modified":"2024-02-09T11:07:24","modified_gmt":"2024-02-09T11:07:24","slug":"restaurant","status":"publish","type":"page","link":"https:\/\/www.krone-eschental.de\/en\/restaurant\/","title":{"rendered":"Restaurant"},"content":{"rendered":"\t\t<div data-elementor-type=\"wp-page\" data-elementor-id=\"3730\" class=\"elementor elementor-3730 elementor-2487\" data-elementor-post-type=\"page\">\n\t\t\t\t\t\t<section class=\"elementor-section elementor-top-section elementor-element elementor-element-452b8fe1 elementor-section-content-middle elementor-section-full_width elementor-section-height-min-height elementor-section-height-default elementor-section-items-middle\" data-id=\"452b8fe1\" data-element_type=\"section\" data-e-type=\"section\" data-settings=\"{&quot;background_background&quot;:&quot;classic&quot;}\">\n\t\t\t\t\t\t\t<div class=\"elementor-background-overlay\"><\/div>\n\t\t\t\t\t\t\t<div class=\"elementor-container elementor-column-gap-no\">\n\t\t\t\t\t<div class=\"elementor-column elementor-col-100 elementor-top-column elementor-element elementor-element-537856d7\" data-id=\"537856d7\" data-element_type=\"column\" data-e-type=\"column\">\n\t\t\t<div class=\"elementor-widget-wrap elementor-element-populated\">\n\t\t\t\t\t\t\t<\/div>\n\t\t<\/div>\n\t\t\t\t\t<\/div>\n\t\t<\/section>\n\t\t\t\t<section class=\"elementor-section elementor-top-section elementor-element elementor-element-5c38275e elementor-section-content-middle elementor-section-boxed elementor-section-height-default elementor-section-height-default\" data-id=\"5c38275e\" data-element_type=\"section\" data-e-type=\"section\" data-settings=\"{&quot;background_background&quot;:&quot;classic&quot;}\">\n\t\t\t\t\t\t<div class=\"elementor-container elementor-column-gap-no\">\n\t\t\t\t\t<div class=\"elementor-column elementor-col-100 elementor-top-column elementor-element elementor-element-6e07a9d8\" data-id=\"6e07a9d8\" data-element_type=\"column\" data-e-type=\"column\">\n\t\t\t<div class=\"elementor-widget-wrap elementor-element-populated\">\n\t\t\t\t\t\t<div class=\"elementor-element elementor-element-79464e5f elementor-widget elementor-widget-heading\" data-id=\"79464e5f\" data-element_type=\"widget\" data-e-type=\"widget\" data-widget_type=\"heading.default\">\n\t\t\t\t<div class=\"elementor-widget-container\">\n\t\t\t\t\t<h2 class=\"elementor-heading-title elementor-size-default\">Bon appetit<\/h2>\t\t\t\t<\/div>\n\t\t\t\t<\/div>\n\t\t\t\t<div class=\"elementor-element elementor-element-136a78a6 elementor-widget elementor-widget-text-editor\" data-id=\"136a78a6\" data-element_type=\"widget\" data-e-type=\"widget\" data-widget_type=\"text-editor.default\">\n\t\t\t\t<div class=\"elementor-widget-container\">\n\t\t\t\t\t\t\t\t\t<p>Our cookery skills are known far beyond the region. Excellent cuisine and good service combined with family-friendly surroundings guarantee a pleasant stay. Whether for a romantic dinner for two, a sociable evening with friends or a family celebration, here you can indulge in culinary delights and enjoy traditional hospitality.  <\/p>\n<p><strong>Opening hours:<br \/><\/strong><span style=\"font-style: inherit; font-weight: inherit;\">Monday to Friday 5:30 pm-11:00 pm<br \/><\/span><span style=\"font-size: inherit;\">Saturday, Sunday and public holiday 11:30 am -11:00 pm <\/span><\/p>\n<p><strong>Our kitchen times are<br \/><\/strong><span style=\"font-size: inherit;\">Monday to Friday 5:45 pm-8:30 pm<br \/><\/span><span style=\"font-size: inherit;\">Saturday, Sunday and public holiday 11:45 am-1:30 pm uand 5:45 pm-8:00 pm<\/span><\/p>\n\t\t\t\t\t\t\t\t<\/div>\n\t\t\t\t<\/div>\n\t\t\t\t\t<\/div>\n\t\t<\/div>\n\t\t\t\t\t<\/div>\n\t\t<\/section>\n\t\t<div class=\"elementor-element elementor-element-2b168588 e-flex e-con-boxed e-con e-parent\" data-id=\"2b168588\" data-element_type=\"container\" data-e-type=\"container\">\n\t\t\t\t\t<div class=\"e-con-inner\">\n\t\t<div class=\"elementor-element elementor-element-6e5b742a e-con-full e-flex e-con e-child\" data-id=\"6e5b742a\" data-element_type=\"container\" data-e-type=\"container\">\n\t\t\t\t<div class=\"elementor-element elementor-element-7723823d elementor-widget elementor-widget-image\" data-id=\"7723823d\" data-element_type=\"widget\" data-e-type=\"widget\" data-widget_type=\"image.default\">\n\t\t\t\t<div class=\"elementor-widget-container\">\n\t\t\t\t\t\t\t\t\t\t\t\t\t\t\t<img fetchpriority=\"high\" decoding=\"async\" width=\"1024\" height=\"700\" src=\"https:\/\/www.krone-eschental.de\/wp-content\/uploads\/2023\/11\/Fleischgericht.jpg\" class=\"attachment-large size-large wp-image-3174\" alt=\"\" srcset=\"https:\/\/www.krone-eschental.de\/wp-content\/uploads\/2023\/11\/Fleischgericht.jpg 1024w, https:\/\/www.krone-eschental.de\/wp-content\/uploads\/2023\/11\/Fleischgericht-300x205.jpg 300w, https:\/\/www.krone-eschental.de\/wp-content\/uploads\/2023\/11\/Fleischgericht-768x525.jpg 768w\" sizes=\"(max-width: 1024px) 100vw, 1024px\" \/>\t\t\t\t\t\t\t\t\t\t\t\t\t\t\t<\/div>\n\t\t\t\t<\/div>\n\t\t\t\t<\/div>\n\t\t<div class=\"elementor-element elementor-element-29258e44 e-con-full e-flex e-con e-child\" data-id=\"29258e44\" data-element_type=\"container\" data-e-type=\"container\">\n\t\t\t\t<div class=\"elementor-element elementor-element-61b46ea elementor-widget elementor-widget-heading\" data-id=\"61b46ea\" data-element_type=\"widget\" data-e-type=\"widget\" data-widget_type=\"heading.default\">\n\t\t\t\t<div class=\"elementor-widget-container\">\n\t\t\t\t\t<h2 class=\"elementor-heading-title elementor-size-default\">Our cuisine<\/h2>\t\t\t\t<\/div>\n\t\t\t\t<\/div>\n\t\t\t\t<div class=\"elementor-element elementor-element-70318f4 elementor-widget elementor-widget-text-editor\" data-id=\"70318f4\" data-element_type=\"widget\" data-e-type=\"widget\" data-widget_type=\"text-editor.default\">\n\t\t\t\t<div class=\"elementor-widget-container\">\n\t\t\t\t\t\t\t\t\t<p>Traditional cuisine with a touch of regionality and sophistication: Here, fresh, local ingredients are carefully selected and transformed into delicious dishes by our kitchen team. The menus are varied and offer something to suit every taste. <\/p>\n\t\t\t\t\t\t\t\t<\/div>\n\t\t\t\t<\/div>\n\t\t\t\t<div class=\"elementor-element elementor-element-b3cc95e elementor-widget elementor-widget-button\" data-id=\"b3cc95e\" data-element_type=\"widget\" data-e-type=\"widget\" data-widget_type=\"button.default\">\n\t\t\t\t<div class=\"elementor-widget-container\">\n\t\t\t\t\t\t\t\t\t<div class=\"elementor-button-wrapper\">\n\t\t\t\t\t<a class=\"elementor-button elementor-button-link elementor-size-sm\" href=\"https:\/\/www.krone-eschental.de\/wp-content\/uploads\/2024\/01\/Speisekarte.pdf\" target=\"_blank\">\n\t\t\t\t\t\t<span class=\"elementor-button-content-wrapper\">\n\t\t\t\t\t\t\t\t\t<span class=\"elementor-button-text\">Menu<\/span>\n\t\t\t\t\t<\/span>\n\t\t\t\t\t<\/a>\n\t\t\t\t<\/div>\n\t\t\t\t\t\t\t\t<\/div>\n\t\t\t\t<\/div>\n\t\t\t\t<div class=\"elementor-element elementor-element-8b02fc4 elementor-widget elementor-widget-button\" data-id=\"8b02fc4\" data-element_type=\"widget\" data-e-type=\"widget\" data-widget_type=\"button.default\">\n\t\t\t\t<div class=\"elementor-widget-container\">\n\t\t\t\t\t\t\t\t\t<div class=\"elementor-button-wrapper\">\n\t\t\t\t\t<a class=\"elementor-button elementor-button-link elementor-size-sm\" href=\"https:\/\/www.krone-eschental.de\/wp-content\/uploads\/2024\/01\/Standardkarte.pdf\" target=\"_blank\">\n\t\t\t\t\t\t<span class=\"elementor-button-content-wrapper\">\n\t\t\t\t\t\t\t\t\t<span class=\"elementor-button-text\">Standard card<\/span>\n\t\t\t\t\t<\/span>\n\t\t\t\t\t<\/a>\n\t\t\t\t<\/div>\n\t\t\t\t\t\t\t\t<\/div>\n\t\t\t\t<\/div>\n\t\t\t\t<\/div>\n\t\t\t\t\t<\/div>\n\t\t\t\t<\/div>\n\t\t<div class=\"elementor-element elementor-element-5c42455 e-flex e-con-boxed e-con e-parent\" data-id=\"5c42455\" data-element_type=\"container\" data-e-type=\"container\">\n\t\t\t\t\t<div class=\"e-con-inner\">\n\t\t<div class=\"elementor-element elementor-element-06acfbb e-con-full e-flex e-con e-child\" data-id=\"06acfbb\" data-element_type=\"container\" data-e-type=\"container\">\n\t\t\t\t<div class=\"elementor-element elementor-element-fc02746 elementor-widget elementor-widget-image\" data-id=\"fc02746\" data-element_type=\"widget\" data-e-type=\"widget\" data-widget_type=\"image.default\">\n\t\t\t\t<div class=\"elementor-widget-container\">\n\t\t\t\t\t\t\t\t\t\t\t\t\t\t\t<img decoding=\"async\" width=\"1024\" height=\"700\" src=\"https:\/\/www.krone-eschental.de\/wp-content\/uploads\/2023\/11\/Sekt.jpg\" class=\"attachment-large size-large wp-image-3175\" alt=\"\" srcset=\"https:\/\/www.krone-eschental.de\/wp-content\/uploads\/2023\/11\/Sekt.jpg 1024w, https:\/\/www.krone-eschental.de\/wp-content\/uploads\/2023\/11\/Sekt-300x205.jpg 300w, https:\/\/www.krone-eschental.de\/wp-content\/uploads\/2023\/11\/Sekt-768x525.jpg 768w\" sizes=\"(max-width: 1024px) 100vw, 1024px\" \/>\t\t\t\t\t\t\t\t\t\t\t\t\t\t\t<\/div>\n\t\t\t\t<\/div>\n\t\t\t\t<\/div>\n\t\t<div class=\"elementor-element elementor-element-0e265ae e-con-full e-flex e-con e-child\" data-id=\"0e265ae\" data-element_type=\"container\" data-e-type=\"container\">\n\t\t\t\t<div class=\"elementor-element elementor-element-0d61208 elementor-widget elementor-widget-heading\" data-id=\"0d61208\" data-element_type=\"widget\" data-e-type=\"widget\" data-widget_type=\"heading.default\">\n\t\t\t\t<div class=\"elementor-widget-container\">\n\t\t\t\t\t<h2 class=\"elementor-heading-title elementor-size-default\">Celebrate with us at the Krone<\/h2>\t\t\t\t<\/div>\n\t\t\t\t<\/div>\n\t\t\t\t<div class=\"elementor-element elementor-element-c1623bc elementor-widget elementor-widget-text-editor\" data-id=\"c1623bc\" data-element_type=\"widget\" data-e-type=\"widget\" data-widget_type=\"text-editor.default\">\n\t\t\t\t<div class=\"elementor-widget-container\">\n\t\t\t\t\t\t\t\t\t<p>The perfect backdrop for festive events: Whether it&#8217;s weddings, birthdays or anniversaries, at the Landhotel Gasthof Krone you will find the perfect backdrop for your private celebration. The culinary offer is varied. Please contact us and we will be happy to advise you on the planning.  <\/p>\n\t\t\t\t\t\t\t\t<\/div>\n\t\t\t\t<\/div>\n\t\t\t\t<div class=\"elementor-element elementor-element-9537cc2 elementor-widget elementor-widget-button\" data-id=\"9537cc2\" data-element_type=\"widget\" data-e-type=\"widget\" data-widget_type=\"button.default\">\n\t\t\t\t<div class=\"elementor-widget-container\">\n\t\t\t\t\t\t\t\t\t<div class=\"elementor-button-wrapper\">\n\t\t\t\t\t<a class=\"elementor-button elementor-button-link elementor-size-sm\" href=\"https:\/\/www.krone-eschental.de\/wp-content\/uploads\/2024\/01\/Menuevorschlaege-2024.pdf\" target=\"_blank\">\n\t\t\t\t\t\t<span class=\"elementor-button-content-wrapper\">\n\t\t\t\t\t\t\t\t\t<span class=\"elementor-button-text\">Menu suggestions<\/span>\n\t\t\t\t\t<\/span>\n\t\t\t\t\t<\/a>\n\t\t\t\t<\/div>\n\t\t\t\t\t\t\t\t<\/div>\n\t\t\t\t<\/div>\n\t\t\t\t<\/div>\n\t\t\t\t\t<\/div>\n\t\t\t\t<\/div>\n\t\t<div class=\"elementor-element elementor-element-fccd9a6 e-flex e-con-boxed e-con e-parent\" data-id=\"fccd9a6\" data-element_type=\"container\" data-e-type=\"container\">\n\t\t\t\t\t<div class=\"e-con-inner\">\n\t\t<div class=\"elementor-element elementor-element-4b8d9ee e-con-full e-flex e-con e-child\" data-id=\"4b8d9ee\" data-element_type=\"container\" data-e-type=\"container\">\n\t\t\t\t<div class=\"elementor-element elementor-element-8123e44 elementor-widget elementor-widget-image\" data-id=\"8123e44\" data-element_type=\"widget\" data-e-type=\"widget\" data-widget_type=\"image.default\">\n\t\t\t\t<div class=\"elementor-widget-container\">\n\t\t\t\t\t\t\t\t\t\t\t\t\t\t\t<img decoding=\"async\" width=\"1024\" height=\"700\" src=\"https:\/\/www.krone-eschental.de\/wp-content\/uploads\/2023\/11\/Terrasse.jpg\" class=\"attachment-large size-large wp-image-3179\" alt=\"\" srcset=\"https:\/\/www.krone-eschental.de\/wp-content\/uploads\/2023\/11\/Terrasse.jpg 1024w, https:\/\/www.krone-eschental.de\/wp-content\/uploads\/2023\/11\/Terrasse-300x205.jpg 300w, https:\/\/www.krone-eschental.de\/wp-content\/uploads\/2023\/11\/Terrasse-768x525.jpg 768w\" sizes=\"(max-width: 1024px) 100vw, 1024px\" \/>\t\t\t\t\t\t\t\t\t\t\t\t\t\t\t<\/div>\n\t\t\t\t<\/div>\n\t\t\t\t<\/div>\n\t\t<div class=\"elementor-element elementor-element-c2a0924 e-con-full e-flex e-con e-child\" data-id=\"c2a0924\" data-element_type=\"container\" data-e-type=\"container\">\n\t\t\t\t<div class=\"elementor-element elementor-element-9d53275 elementor-widget elementor-widget-heading\" data-id=\"9d53275\" data-element_type=\"widget\" data-e-type=\"widget\" data-widget_type=\"heading.default\">\n\t\t\t\t<div class=\"elementor-widget-container\">\n\t\t\t\t\t<h2 class=\"elementor-heading-title elementor-size-default\">The terrace<\/h2>\t\t\t\t<\/div>\n\t\t\t\t<\/div>\n\t\t\t\t<div class=\"elementor-element elementor-element-57d635a elementor-widget elementor-widget-text-editor\" data-id=\"57d635a\" data-element_type=\"widget\" data-e-type=\"widget\" data-widget_type=\"text-editor.default\">\n\t\t\t\t<div class=\"elementor-widget-container\">\n\t\t\t\t\t\t\t\t\t<p>Here our guests can dine in the open air or relax in a cosy atmosphere with a glass of wine or a refreshing drink. <\/p>\n\t\t\t\t\t\t\t\t<\/div>\n\t\t\t\t<\/div>\n\t\t\t\t<\/div>\n\t\t\t\t\t<\/div>\n\t\t\t\t<\/div>\n\t\t\t\t<\/div>\n\t\t","protected":false},"excerpt":{"rendered":"<p>Bon appetit Our cookery skills are known far beyond the region. Excellent cuisine and good service combined with family-friendly surroundings guarantee a pleasant stay. Whether for a romantic dinner for two, a sociable evening with friends or a family celebration, here you can indulge in culinary delights and enjoy traditional hospitality. Opening hours:Monday to Friday [&hellip;]<\/p>\n","protected":false},"author":1,"featured_media":0,"parent":0,"menu_order":0,"comment_status":"closed","ping_status":"closed","template":"elementor_header_footer","meta":{"site-sidebar-layout":"no-sidebar","site-content-layout":"page-builder","ast-site-content-layout":"full-width-container","site-content-style":"default","site-sidebar-style":"default","ast-global-header-display":"","ast-banner-title-visibility":"","ast-main-header-display":"","ast-hfb-above-header-display":"","ast-hfb-below-header-display":"","ast-hfb-mobile-header-display":"","site-post-title":"","ast-breadcrumbs-content":"","ast-featured-img":"disabled","footer-sml-layout":"","ast-disable-related-posts":"","theme-transparent-header-meta":"","adv-header-id-meta":"","stick-header-meta":"","header-above-stick-meta":"","header-main-stick-meta":"","header-below-stick-meta":"","astra-migrate-meta-layouts":"default","ast-page-background-enabled":"default","ast-page-background-meta":{"desktop":{"background-color":"","background-image":"","background-repeat":"repeat","background-position":"center center","background-size":"auto","background-attachment":"scroll","background-type":"","background-media":"","overlay-type":"","overlay-color":"","overlay-opacity":"","overlay-gradient":""},"tablet":{"background-color":"","background-image":"","background-repeat":"repeat","background-position":"center center","background-size":"auto","background-attachment":"scroll","background-type":"","background-media":"","overlay-type":"","overlay-color":"","overlay-opacity":"","overlay-gradient":""},"mobile":{"background-color":"","background-image":"","background-repeat":"repeat","background-position":"center center","background-size":"auto","background-attachment":"scroll","background-type":"","background-media":"","overlay-type":"","overlay-color":"","overlay-opacity":"","overlay-gradient":""}},"ast-content-background-meta":{"desktop":{"background-color":"var(--ast-global-color-5)","background-image":"","background-repeat":"repeat","background-position":"center center","background-size":"auto","background-attachment":"scroll","background-type":"","background-media":"","overlay-type":"","overlay-color":"","overlay-opacity":"","overlay-gradient":""},"tablet":{"background-color":"var(--ast-global-color-5)","background-image":"","background-repeat":"repeat","background-position":"center center","background-size":"auto","background-attachment":"scroll","background-type":"","background-media":"","overlay-type":"","overlay-color":"","overlay-opacity":"","overlay-gradient":""},"mobile":{"background-color":"var(--ast-global-color-5)","background-image":"","background-repeat":"repeat","background-position":"center center","background-size":"auto","background-attachment":"scroll","background-type":"","background-media":"","overlay-type":"","overlay-color":"","overlay-opacity":"","overlay-gradient":""}},"footnotes":""},"class_list":["post-3730","page","type-page","status-publish","hentry"],"yoast_head":"<!-- This site is optimized with the Yoast SEO plugin v27.4 - https:\/\/yoast.com\/product\/yoast-seo-wordpress\/ -->\n<title>Restaurant - Landhotel Gasthof Krone<\/title>\n<meta name=\"description\" content=\"Romantic and cosy parlours with fresh seasonal country house cuisine near \u00d6hringen, Crailsheim, K\u00fcnzelsau and Schw\u00e4bisch Hall.\" \/>\n<meta name=\"robots\" content=\"index, follow, max-snippet:-1, max-image-preview:large, max-video-preview:-1\" \/>\n<link rel=\"canonical\" href=\"https:\/\/www.krone-eschental.de\/en\/restaurant\/\" \/>\n<meta property=\"og:locale\" content=\"en_US\" \/>\n<meta property=\"og:type\" content=\"article\" \/>\n<meta property=\"og:title\" content=\"Restaurant - Landhotel Gasthof Krone\" \/>\n<meta property=\"og:description\" content=\"Romantic and cosy parlours with fresh seasonal country house cuisine near \u00d6hringen, Crailsheim, K\u00fcnzelsau and Schw\u00e4bisch Hall.\" \/>\n<meta property=\"og:url\" content=\"https:\/\/www.krone-eschental.de\/en\/restaurant\/\" \/>\n<meta property=\"og:site_name\" content=\"Landhotel Gasthof Krone\" \/>\n<meta property=\"article:publisher\" content=\"https:\/\/www.facebook.com\/LandhotelGasthofKrone\/\" \/>\n<meta property=\"article:modified_time\" content=\"2024-02-09T11:07:24+00:00\" \/>\n<meta property=\"og:image\" content=\"https:\/\/www.krone-eschental.de\/wp-content\/uploads\/2023\/11\/Fleischgericht.jpg\" \/>\n<meta name=\"twitter:card\" content=\"summary_large_image\" \/>\n<meta name=\"twitter:label1\" content=\"Est. reading time\" \/>\n\t<meta name=\"twitter:data1\" content=\"1 minute\" \/>\n<script type=\"application\/ld+json\" class=\"yoast-schema-graph\">{\"@context\":\"https:\\\/\\\/schema.org\",\"@graph\":[{\"@type\":\"WebPage\",\"@id\":\"https:\\\/\\\/www.krone-eschental.de\\\/en\\\/restaurant\\\/\",\"url\":\"https:\\\/\\\/www.krone-eschental.de\\\/en\\\/restaurant\\\/\",\"name\":\"Restaurant - Landhotel Gasthof Krone\",\"isPartOf\":{\"@id\":\"https:\\\/\\\/www.krone-eschental.de\\\/en\\\/#website\"},\"primaryImageOfPage\":{\"@id\":\"https:\\\/\\\/www.krone-eschental.de\\\/en\\\/restaurant\\\/#primaryimage\"},\"image\":{\"@id\":\"https:\\\/\\\/www.krone-eschental.de\\\/en\\\/restaurant\\\/#primaryimage\"},\"thumbnailUrl\":\"https:\\\/\\\/www.krone-eschental.de\\\/wp-content\\\/uploads\\\/2023\\\/11\\\/Fleischgericht.jpg\",\"datePublished\":\"2023-11-02T13:09:56+00:00\",\"dateModified\":\"2024-02-09T11:07:24+00:00\",\"description\":\"Romantic and cosy parlours with fresh seasonal country house cuisine near \u00d6hringen, Crailsheim, K\u00fcnzelsau and Schw\u00e4bisch Hall.\",\"breadcrumb\":{\"@id\":\"https:\\\/\\\/www.krone-eschental.de\\\/en\\\/restaurant\\\/#breadcrumb\"},\"inLanguage\":\"en-US\",\"potentialAction\":[{\"@type\":\"ReadAction\",\"target\":[\"https:\\\/\\\/www.krone-eschental.de\\\/en\\\/restaurant\\\/\"]}]},{\"@type\":\"ImageObject\",\"inLanguage\":\"en-US\",\"@id\":\"https:\\\/\\\/www.krone-eschental.de\\\/en\\\/restaurant\\\/#primaryimage\",\"url\":\"https:\\\/\\\/www.krone-eschental.de\\\/wp-content\\\/uploads\\\/2023\\\/11\\\/Fleischgericht.jpg\",\"contentUrl\":\"https:\\\/\\\/www.krone-eschental.de\\\/wp-content\\\/uploads\\\/2023\\\/11\\\/Fleischgericht.jpg\"},{\"@type\":\"BreadcrumbList\",\"@id\":\"https:\\\/\\\/www.krone-eschental.de\\\/en\\\/restaurant\\\/#breadcrumb\",\"itemListElement\":[{\"@type\":\"ListItem\",\"position\":1,\"name\":\"Startseite\",\"item\":\"https:\\\/\\\/www.krone-eschental.de\\\/en\\\/start\\\/\"},{\"@type\":\"ListItem\",\"position\":2,\"name\":\"Restaurant\"}]},{\"@type\":\"WebSite\",\"@id\":\"https:\\\/\\\/www.krone-eschental.de\\\/en\\\/#website\",\"url\":\"https:\\\/\\\/www.krone-eschental.de\\\/en\\\/\",\"name\":\"Landhotel Gasthof Krone\",\"description\":\"\",\"publisher\":{\"@id\":\"https:\\\/\\\/www.krone-eschental.de\\\/en\\\/#organization\"},\"potentialAction\":[{\"@type\":\"SearchAction\",\"target\":{\"@type\":\"EntryPoint\",\"urlTemplate\":\"https:\\\/\\\/www.krone-eschental.de\\\/en\\\/?s={search_term_string}\"},\"query-input\":{\"@type\":\"PropertyValueSpecification\",\"valueRequired\":true,\"valueName\":\"search_term_string\"}}],\"inLanguage\":\"en-US\"},{\"@type\":\"Organization\",\"@id\":\"https:\\\/\\\/www.krone-eschental.de\\\/en\\\/#organization\",\"name\":\"Landhotel Gasthof Krone\",\"url\":\"https:\\\/\\\/www.krone-eschental.de\\\/en\\\/\",\"logo\":{\"@type\":\"ImageObject\",\"inLanguage\":\"en-US\",\"@id\":\"https:\\\/\\\/www.krone-eschental.de\\\/en\\\/#\\\/schema\\\/logo\\\/image\\\/\",\"url\":\"https:\\\/\\\/www.krone-eschental.de\\\/wp-content\\\/uploads\\\/2023\\\/10\\\/KRONE.png\",\"contentUrl\":\"https:\\\/\\\/www.krone-eschental.de\\\/wp-content\\\/uploads\\\/2023\\\/10\\\/KRONE.png\",\"width\":189,\"height\":157,\"caption\":\"Landhotel Gasthof Krone\"},\"image\":{\"@id\":\"https:\\\/\\\/www.krone-eschental.de\\\/en\\\/#\\\/schema\\\/logo\\\/image\\\/\"},\"sameAs\":[\"https:\\\/\\\/www.facebook.com\\\/LandhotelGasthofKrone\\\/\",\"https:\\\/\\\/www.instagram.com\\\/landhotel_krone_eschental\\\/\"]}]}<\/script>\n<!-- \/ Yoast SEO plugin. -->","yoast_head_json":{"title":"Restaurant - Landhotel Gasthof Krone","description":"Romantic and cosy parlours with fresh seasonal country house cuisine near \u00d6hringen, Crailsheim, K\u00fcnzelsau and Schw\u00e4bisch Hall.","robots":{"index":"index","follow":"follow","max-snippet":"max-snippet:-1","max-image-preview":"max-image-preview:large","max-video-preview":"max-video-preview:-1"},"canonical":"https:\/\/www.krone-eschental.de\/en\/restaurant\/","og_locale":"en_US","og_type":"article","og_title":"Restaurant - Landhotel Gasthof Krone","og_description":"Romantic and cosy parlours with fresh seasonal country house cuisine near \u00d6hringen, Crailsheim, K\u00fcnzelsau and Schw\u00e4bisch Hall.","og_url":"https:\/\/www.krone-eschental.de\/en\/restaurant\/","og_site_name":"Landhotel Gasthof Krone","article_publisher":"https:\/\/www.facebook.com\/LandhotelGasthofKrone\/","article_modified_time":"2024-02-09T11:07:24+00:00","og_image":[{"url":"https:\/\/www.krone-eschental.de\/wp-content\/uploads\/2023\/11\/Fleischgericht.jpg","type":"","width":"","height":""}],"twitter_card":"summary_large_image","twitter_misc":{"Est. reading time":"1 minute"},"schema":{"@context":"https:\/\/schema.org","@graph":[{"@type":"WebPage","@id":"https:\/\/www.krone-eschental.de\/en\/restaurant\/","url":"https:\/\/www.krone-eschental.de\/en\/restaurant\/","name":"Restaurant - Landhotel Gasthof Krone","isPartOf":{"@id":"https:\/\/www.krone-eschental.de\/en\/#website"},"primaryImageOfPage":{"@id":"https:\/\/www.krone-eschental.de\/en\/restaurant\/#primaryimage"},"image":{"@id":"https:\/\/www.krone-eschental.de\/en\/restaurant\/#primaryimage"},"thumbnailUrl":"https:\/\/www.krone-eschental.de\/wp-content\/uploads\/2023\/11\/Fleischgericht.jpg","datePublished":"2023-11-02T13:09:56+00:00","dateModified":"2024-02-09T11:07:24+00:00","description":"Romantic and cosy parlours with fresh seasonal country house cuisine near \u00d6hringen, Crailsheim, K\u00fcnzelsau and Schw\u00e4bisch Hall.","breadcrumb":{"@id":"https:\/\/www.krone-eschental.de\/en\/restaurant\/#breadcrumb"},"inLanguage":"en-US","potentialAction":[{"@type":"ReadAction","target":["https:\/\/www.krone-eschental.de\/en\/restaurant\/"]}]},{"@type":"ImageObject","inLanguage":"en-US","@id":"https:\/\/www.krone-eschental.de\/en\/restaurant\/#primaryimage","url":"https:\/\/www.krone-eschental.de\/wp-content\/uploads\/2023\/11\/Fleischgericht.jpg","contentUrl":"https:\/\/www.krone-eschental.de\/wp-content\/uploads\/2023\/11\/Fleischgericht.jpg"},{"@type":"BreadcrumbList","@id":"https:\/\/www.krone-eschental.de\/en\/restaurant\/#breadcrumb","itemListElement":[{"@type":"ListItem","position":1,"name":"Startseite","item":"https:\/\/www.krone-eschental.de\/en\/start\/"},{"@type":"ListItem","position":2,"name":"Restaurant"}]},{"@type":"WebSite","@id":"https:\/\/www.krone-eschental.de\/en\/#website","url":"https:\/\/www.krone-eschental.de\/en\/","name":"Landhotel Gasthof Krone","description":"","publisher":{"@id":"https:\/\/www.krone-eschental.de\/en\/#organization"},"potentialAction":[{"@type":"SearchAction","target":{"@type":"EntryPoint","urlTemplate":"https:\/\/www.krone-eschental.de\/en\/?s={search_term_string}"},"query-input":{"@type":"PropertyValueSpecification","valueRequired":true,"valueName":"search_term_string"}}],"inLanguage":"en-US"},{"@type":"Organization","@id":"https:\/\/www.krone-eschental.de\/en\/#organization","name":"Landhotel Gasthof Krone","url":"https:\/\/www.krone-eschental.de\/en\/","logo":{"@type":"ImageObject","inLanguage":"en-US","@id":"https:\/\/www.krone-eschental.de\/en\/#\/schema\/logo\/image\/","url":"https:\/\/www.krone-eschental.de\/wp-content\/uploads\/2023\/10\/KRONE.png","contentUrl":"https:\/\/www.krone-eschental.de\/wp-content\/uploads\/2023\/10\/KRONE.png","width":189,"height":157,"caption":"Landhotel Gasthof Krone"},"image":{"@id":"https:\/\/www.krone-eschental.de\/en\/#\/schema\/logo\/image\/"},"sameAs":["https:\/\/www.facebook.com\/LandhotelGasthofKrone\/","https:\/\/www.instagram.com\/landhotel_krone_eschental\/"]}]}},"_links":{"self":[{"href":"https:\/\/www.krone-eschental.de\/en\/wp-json\/wp\/v2\/pages\/3730","targetHints":{"allow":["GET"]}}],"collection":[{"href":"https:\/\/www.krone-eschental.de\/en\/wp-json\/wp\/v2\/pages"}],"about":[{"href":"https:\/\/www.krone-eschental.de\/en\/wp-json\/wp\/v2\/types\/page"}],"author":[{"embeddable":true,"href":"https:\/\/www.krone-eschental.de\/en\/wp-json\/wp\/v2\/users\/1"}],"replies":[{"embeddable":true,"href":"https:\/\/www.krone-eschental.de\/en\/wp-json\/wp\/v2\/comments?post=3730"}],"version-history":[{"count":12,"href":"https:\/\/www.krone-eschental.de\/en\/wp-json\/wp\/v2\/pages\/3730\/revisions"}],"predecessor-version":[{"id":4071,"href":"https:\/\/www.krone-eschental.de\/en\/wp-json\/wp\/v2\/pages\/3730\/revisions\/4071"}],"wp:attachment":[{"href":"https:\/\/www.krone-eschental.de\/en\/wp-json\/wp\/v2\/media?parent=3730"}],"curies":[{"name":"wp","href":"https:\/\/api.w.org\/{rel}","templated":true}]}}